{"id":2451,"date":"2026-01-14T14:01:23","date_gmt":"2026-01-14T14:01:23","guid":{"rendered":"https:\/\/franciscok.com\/?page_id=2451"},"modified":"2026-02-24T11:06:24","modified_gmt":"2026-02-24T11:06:24","slug":"francisco-k-shop-by","status":"publish","type":"page","link":"https:\/\/franciscok.com\/fr\/francisco-k-shop-by\/","title":{"rendered":"FRANCISCO K &#8211; SHOP BY"},"content":{"rendered":"\t\t<div data-elementor-type=\"wp-page\" data-elementor-id=\"2451\" class=\"elementor elementor-2451\" data-elementor-post-type=\"page\">\n\t\t\t\t<div class=\"elementor-element elementor-element-4f00e44b e-flex e-con-boxed e-con e-parent\" data-id=\"4f00e44b\" data-element_type=\"container\" data-e-type=\"container\" data-settings=\"{&quot;sticky&quot;:&quot;top&quot;,&quot;sticky_on&quot;:[&quot;desktop&quot;,&quot;tablet_extra&quot;,&quot;tablet&quot;,&quot;mobile&quot;],&quot;sticky_offset&quot;:0,&quot;sticky_effects_offset&quot;:0,&quot;sticky_anchor_link_offset&quot;:0}\">\n\t\t\t\t\t<div class=\"e-con-inner\">\n\t\t\t\t<div class=\"elementor-element elementor-element-12baea09 elementor-widget__width-initial elementor-widget-mobile__width-inherit elementor-widget elementor-widget-heading\" data-id=\"12baea09\" data-element_type=\"widget\" data-e-type=\"widget\" data-settings=\"{&quot;sticky_on&quot;:[&quot;desktop&quot;],&quot;sticky&quot;:&quot;top&quot;,&quot;sticky_offset&quot;:1,&quot;sticky_effects_offset&quot;:0,&quot;sticky_anchor_link_offset&quot;:0}\" data-widget_type=\"heading.default\">\n\t\t\t\t\t<h1 class=\"elementor-heading-title elementor-size-default\"><a href=\"https:\/\/franciscok.com\/\">FRANCISCO K<\/a><\/h1>\t\t\t\t<\/div>\n\t\t\t\t\t<\/div>\n\t\t\t\t<\/div>\n\t\t<div class=\"elementor-element elementor-element-6968ccc2 e-flex e-con-boxed e-con e-parent\" data-id=\"6968ccc2\" data-element_type=\"container\" data-e-type=\"container\" data-settings=\"{&quot;sticky&quot;:&quot;top&quot;,&quot;sticky_offset&quot;:350,&quot;sticky_offset_mobile&quot;:150,&quot;sticky_offset_tablet_extra&quot;:250,&quot;sticky_offset_tablet&quot;:250,&quot;sticky_on&quot;:[&quot;desktop&quot;,&quot;tablet_extra&quot;,&quot;tablet&quot;,&quot;mobile&quot;],&quot;sticky_effects_offset&quot;:0,&quot;sticky_anchor_link_offset&quot;:0}\">\n\t\t\t\t\t<div class=\"e-con-inner\">\n\t\t<div class=\"elementor-element elementor-element-bcb9222 e-con-full e-flex e-con e-child\" data-id=\"bcb9222\" data-element_type=\"container\" data-e-type=\"container\">\n\t\t\t\t<div class=\"elementor-element elementor-element-6a519cfe elementor-widget-mobile__width-initial elementor-widget-tablet__width-initial elementor-widget__width-initial elementor-widget-tablet_extra__width-initial elementor-widget elementor-widget-heading\" data-id=\"6a519cfe\" data-element_type=\"widget\" data-e-type=\"widget\" data-widget_type=\"heading.default\">\n\t\t\t\t\t<h2 class=\"elementor-heading-title elementor-size-default\">SHOP BY:<\/h2>\t\t\t\t<\/div>\n\t\t\t\t<div class=\"elementor-element elementor-element-59da14bc elementor-widget-mobile__width-initial elementor-widget-tablet__width-initial elementor-widget__width-initial elementor-widget-tablet_extra__width-initial elementor-widget elementor-widget-heading\" data-id=\"59da14bc\" data-element_type=\"widget\" data-e-type=\"widget\" data-target=\"1\" data-widget_type=\"heading.default\">\n\t\t\t\t\t<h2 class=\"elementor-heading-title elementor-size-default\"><a href=\"https:\/\/franciscok.com\/product-category\/all\">ALL<\/a><\/h2>\t\t\t\t<\/div>\n\t\t\t\t<div class=\"elementor-element elementor-element-6dde21ff elementor-widget-mobile__width-initial elementor-widget-tablet__width-initial elementor-widget__width-initial elementor-widget-tablet_extra__width-initial elementor-hidden-mobile elementor-widget elementor-widget-heading\" data-id=\"6dde21ff\" data-element_type=\"widget\" data-e-type=\"widget\" data-target=\"2\" data-widget_type=\"heading.default\">\n\t\t\t\t\t<h2 class=\"elementor-heading-title elementor-size-default\"><a href=\"https:\/\/franciscok.com\/product-category\/quem-da-um-passo-acrescenta-um-traco\/\">QUEM D\u00c1 UM PASSO ACRESCENTA UM TRA\u00c7O<\/a><\/h2>\t\t\t\t<\/div>\n\t\t\t\t<div class=\"elementor-element elementor-element-9901870 elementor-widget-mobile__width-initial elementor-widget-tablet__width-initial elementor-widget__width-initial elementor-widget-tablet_extra__width-initial elementor-hidden-desktop elementor-hidden-tablet_extra elementor-hidden-tablet elementor-widget elementor-widget-heading\" data-id=\"9901870\" data-element_type=\"widget\" data-e-type=\"widget\" data-target=\"2\" data-widget_type=\"heading.default\">\n\t\t\t\t\t<h2 class=\"elementor-heading-title elementor-size-default\"><a href=\"https:\/\/franciscok.com\/product-category\/quem-da-um-passo-acrescenta-um-traco\/\">QUEM D\u00c1 UM PASSO ACRESCENTA UM TRA\u00c7O<\/a><\/h2>\t\t\t\t<\/div>\n\t\t\t\t<\/div>\n\t\t<div class=\"elementor-element elementor-element-25eee684 e-con-full e-flex e-con e-child\" data-id=\"25eee684\" data-element_type=\"container\" data-e-type=\"container\">\n\t\t\t\t<div class=\"elementor-element elementor-element-4ecd9cf8 elementor-widget elementor-widget-heading\" data-id=\"4ecd9cf8\" data-element_type=\"widget\" data-e-type=\"widget\" data-widget_type=\"heading.default\">\n\t\t\t\t\t<h2 class=\"elementor-heading-title elementor-size-default\"><a href=\"https:\/\/franciscok.com\/gallery\">GALLERY<\/a><\/h2>\t\t\t\t<\/div>\n\t\t\t\t<div class=\"elementor-element elementor-element-566bb729 elementor-widget elementor-widget-heading\" data-id=\"566bb729\" data-element_type=\"widget\" data-e-type=\"widget\" data-widget_type=\"heading.default\">\n\t\t\t\t\t<h2 class=\"elementor-heading-title elementor-size-default\"><a href=\"https:\/\/franciscok.com\/francisco-k-exhib\">EXHIB<\/a><\/h2>\t\t\t\t<\/div>\n\t\t\t\t<div class=\"elementor-element elementor-element-29748adb elementor-widget elementor-widget-heading\" data-id=\"29748adb\" data-element_type=\"widget\" data-e-type=\"widget\" data-widget_type=\"heading.default\">\n\t\t\t\t\t<h2 class=\"elementor-heading-title elementor-size-default\"><a href=\"https:\/\/franciscok.com\/product-category\/all\">SHOP<\/a><\/h2>\t\t\t\t<\/div>\n\t\t\t\t<div class=\"elementor-element elementor-element-73d05ee9 elementor-widget elementor-widget-heading\" data-id=\"73d05ee9\" data-element_type=\"widget\" data-e-type=\"widget\" data-widget_type=\"heading.default\">\n\t\t\t\t\t<h2 class=\"elementor-heading-title elementor-size-default\"><a href=\"https:\/\/franciscok.com\/francisco-k-info\/\">INFO\n<\/a><\/h2>\t\t\t\t<\/div>\n\t\t\t\t<\/div>\n\t\t\t\t\t<\/div>\n\t\t\t\t<\/div>\n\t\t<div class=\"elementor-element elementor-element-5e219c25 e-con-full elementor-hidden-desktop e-flex e-con e-parent\" data-id=\"5e219c25\" data-element_type=\"container\" data-e-type=\"container\">\n\t\t\t\t<div class=\"elementor-element elementor-element-b4c85f7 elementor-widget-mobile__width-inherit elementor-hidden-desktop elementor--h-position-center elementor--v-position-middle elementor-widget elementor-widget-slides\" data-id=\"b4c85f7\" data-element_type=\"widget\" data-e-type=\"widget\" data-settings=\"{&quot;navigation&quot;:&quot;none&quot;,&quot;transition&quot;:&quot;fade&quot;,&quot;transition_speed&quot;:2000,&quot;autoplay_speed&quot;:2500,&quot;autoplay&quot;:&quot;yes&quot;,&quot;pause_on_hover&quot;:&quot;yes&quot;,&quot;pause_on_interaction&quot;:&quot;yes&quot;,&quot;infinite&quot;:&quot;yes&quot;}\" data-widget_type=\"slides.default\">\n\t\t\t\t\t\t\t\t\t\t<div class=\"elementor-slides-wrapper elementor-main-swiper swiper\" role=\"region\" aria-roledescription=\"carousel\" aria-label=\"Diapositives\" dir=\"ltr\" data-animation=\"fadeInUp\">\n\t\t\t\t<div class=\"swiper-wrapper elementor-slides\">\n\t\t\t\t\t\t\t\t\t\t<div class=\"elementor-repeater-item-69c09d9 swiper-slide\" role=\"group\" aria-roledescription=\"slide\"><div class=\"swiper-slide-bg\" role=\"img\" aria-label=\"shopall\"><\/div><div class=\"swiper-slide-inner\" ><div class=\"swiper-slide-contents\"><\/div><\/div><\/div><div class=\"elementor-repeater-item-f39b02b swiper-slide\" role=\"group\" aria-roledescription=\"slide\"><div class=\"swiper-slide-bg\" role=\"img\" aria-label=\"DS_C03357\"><\/div><div class=\"swiper-slide-inner\" ><div class=\"swiper-slide-contents\"><\/div><\/div><\/div><div class=\"elementor-repeater-item-44e5b07 swiper-slide\" role=\"group\" aria-roledescription=\"slide\"><div class=\"swiper-slide-bg\" role=\"img\" aria-label=\"DSC03402_\"><\/div><div class=\"swiper-slide-inner\" ><div class=\"swiper-slide-contents\"><\/div><\/div><\/div><div class=\"elementor-repeater-item-a269a47 swiper-slide\" role=\"group\" aria-roledescription=\"slide\"><div class=\"swiper-slide-bg\" role=\"img\" aria-label=\"\"><\/div><div class=\"swiper-slide-inner\" ><div class=\"swiper-slide-contents\"><\/div><\/div><\/div>\t\t\t\t<\/div>\n\t\t\t\t\t\t\t\t\t\t\t\t\t\t\t\t\t\t\t\t\t<\/div>\n\t\t\t\t\t\t\t\t<\/div>\n\t\t\t\t<\/div>\n\t\t<div class=\"elementor-element elementor-element-4c872896 e-con-full elementor-hidden-tablet_extra elementor-hidden-tablet elementor-hidden-mobile e-flex e-con e-parent\" data-id=\"4c872896\" data-element_type=\"container\" data-e-type=\"container\">\n\t\t\t\t<div class=\"elementor-element elementor-element-668664e8 img-ordi content-1 elementor-hidden-tablet_extra elementor-hidden-tablet elementor-hidden-mobile elementor-widget elementor-widget-image\" data-id=\"668664e8\" data-element_type=\"widget\" data-e-type=\"widget\" data-widget_type=\"image.default\">\n\t\t\t\t\t\t\t\t\t\t\t\t\t\t\t<img fetchpriority=\"high\" decoding=\"async\" width=\"1810\" height=\"2560\" src=\"https:\/\/franciscok.com\/wp-content\/uploads\/2026\/01\/shopall-scaled.jpg\" class=\"attachment-full size-full wp-image-2460\" alt=\"\" srcset=\"https:\/\/franciscok.com\/wp-content\/uploads\/2026\/01\/shopall-scaled.jpg 1810w, https:\/\/franciscok.com\/wp-content\/uploads\/2026\/01\/shopall-212x300.jpg 212w, https:\/\/franciscok.com\/wp-content\/uploads\/2026\/01\/shopall-724x1024.jpg 724w, https:\/\/franciscok.com\/wp-content\/uploads\/2026\/01\/shopall-768x1086.jpg 768w, https:\/\/franciscok.com\/wp-content\/uploads\/2026\/01\/shopall-1086x1536.jpg 1086w, https:\/\/franciscok.com\/wp-content\/uploads\/2026\/01\/shopall-1448x2048.jpg 1448w, https:\/\/franciscok.com\/wp-content\/uploads\/2026\/01\/shopall-600x849.jpg 600w\" sizes=\"(max-width: 1810px) 100vw, 1810px\" \/>\t\t\t\t\t\t\t\t\t\t\t\t\t\t\t<\/div>\n\t\t\t\t<div class=\"elementor-element elementor-element-109181a0 img-ordi content-2 elementor-hidden-tablet_extra elementor-hidden-tablet elementor-hidden-mobile elementor-widget elementor-widget-image\" data-id=\"109181a0\" data-element_type=\"widget\" data-e-type=\"widget\" data-widget_type=\"image.default\">\n\t\t\t\t\t\t\t\t\t\t\t\t\t\t\t<img decoding=\"async\" width=\"1962\" height=\"2560\" src=\"https:\/\/franciscok.com\/wp-content\/uploads\/2026\/01\/DS_C03357-scaled.jpg\" class=\"attachment-full size-full wp-image-2399\" alt=\"\" srcset=\"https:\/\/franciscok.com\/wp-content\/uploads\/2026\/01\/DS_C03357-scaled.jpg 1962w, https:\/\/franciscok.com\/wp-content\/uploads\/2026\/01\/DS_C03357-230x300.jpg 230w, https:\/\/franciscok.com\/wp-content\/uploads\/2026\/01\/DS_C03357-785x1024.jpg 785w, https:\/\/franciscok.com\/wp-content\/uploads\/2026\/01\/DS_C03357-768x1002.jpg 768w\" sizes=\"(max-width: 1962px) 100vw, 1962px\" \/>\t\t\t\t\t\t\t\t\t\t\t\t\t\t\t<\/div>\n\t\t\t\t<div class=\"elementor-element elementor-element-4d993527 img-ordi content-3 elementor-hidden-tablet_extra elementor-hidden-tablet elementor-hidden-mobile elementor-widget elementor-widget-image\" data-id=\"4d993527\" data-element_type=\"widget\" data-e-type=\"widget\" data-widget_type=\"image.default\">\n\t\t\t\t\t\t\t\t\t\t\t\t\t\t\t<img decoding=\"async\" width=\"2560\" height=\"1707\" src=\"https:\/\/franciscok.com\/wp-content\/uploads\/2026\/01\/DSC03402_-scaled.jpg\" class=\"attachment-full size-full wp-image-2375\" alt=\"\" srcset=\"https:\/\/franciscok.com\/wp-content\/uploads\/2026\/01\/DSC03402_-scaled.jpg 2560w, https:\/\/franciscok.com\/wp-content\/uploads\/2026\/01\/DSC03402_-300x200.jpg 300w, https:\/\/franciscok.com\/wp-content\/uploads\/2026\/01\/DSC03402_-1024x683.jpg 1024w, https:\/\/franciscok.com\/wp-content\/uploads\/2026\/01\/DSC03402_-768x512.jpg 768w, https:\/\/franciscok.com\/wp-content\/uploads\/2026\/01\/DSC03402_-1536x1024.jpg 1536w, https:\/\/franciscok.com\/wp-content\/uploads\/2026\/01\/DSC03402_-2048x1365.jpg 2048w, https:\/\/franciscok.com\/wp-content\/uploads\/2026\/01\/DSC03402_-600x400.jpg 600w\" sizes=\"(max-width: 2560px) 100vw, 2560px\" \/>\t\t\t\t\t\t\t\t\t\t\t\t\t\t\t<\/div>\n\t\t\t\t<div class=\"elementor-element elementor-element-6dc7e57 img-ordi content-4 elementor-hidden-tablet_extra elementor-hidden-tablet elementor-hidden-mobile elementor-widget elementor-widget-image\" data-id=\"6dc7e57\" data-element_type=\"widget\" data-e-type=\"widget\" data-widget_type=\"image.default\">\n\t\t\t\t\t\t\t\t\t\t\t\t\t\t\t<img decoding=\"async\" src=\"http:\/\/franciscok.com\/wp-content\/uploads\/2025\/12\/S_SIZE_ATLASBLACK-scaled.jpg\" title=\"\" alt=\"\" loading=\"lazy\" \/>\t\t\t\t\t\t\t\t\t\t\t\t\t\t\t<\/div>\n\t\t\t\t<\/div>\n\t\t<div class=\"elementor-element elementor-element-36b33ffd e-con-full e-flex e-con e-parent\" data-id=\"36b33ffd\" data-element_type=\"container\" data-e-type=\"container\">\n\t\t\t\t<div class=\"elementor-element elementor-element-31d4fd3 elementor-widget elementor-widget-html\" data-id=\"31d4fd3\" data-element_type=\"widget\" data-e-type=\"widget\" data-widget_type=\"html.default\">\n\t\t\t\t\t<script src=\"https:\/\/code.jquery.com\/jquery-3.6.0.min.js\"><\/script>\r\n<script>\r\njQuery(document).ready(function($){\r\n\r\n    function initFirstImage() {\r\n        var isMobile = window.matchMedia(\"(max-width: 767px)\").matches;\r\n\r\n        if (isMobile) {\r\n\r\n            $('.img-mobile.content-1').addClass('active');\r\n        } else {\r\n\r\n            $('.img-ordi.content-1').addClass('active');\r\n        }\r\n    }\r\n\r\n\r\n    initFirstImage();\r\n\r\n    function activateImage(targetID, isMobile) {\r\n\r\n        $('.img-ordi, .img-mobile').removeClass('active');\r\n\r\n        if (isMobile) {\r\n            $('.img-mobile.content-' + targetID).addClass('active');\r\n        } else {\r\n            $('.img-ordi.content-' + targetID).addClass('active');\r\n        }\r\n    }\r\n\r\n    $('[data-target]').on('mouseenter click', function(e){\r\n        var targetID = $(this).attr('data-target');\r\n        var isMobile = window.matchMedia(\"(max-width: 767px)\").matches;\r\n\r\n        if (e.type === 'mouseenter' && !isMobile) {\r\n            activateImage(targetID, false);\r\n        }\r\n\r\n        else if (e.type === 'click' && isMobile) {\r\n            activateImage(targetID, true);\r\n        }\r\n    });\r\n\r\n});\r\n<\/script>\t\t\t\t<\/div>\n\t\t\t\t<\/div>\n\t\t\t\t<\/div>\n\t\t","protected":false},"excerpt":{"rendered":"<p>FRANCISCO K SHOP BY: ALL QUEM D\u00c1 UM PASSO ACRESCENTA UM TRA\u00c7O QUEM D\u00c1 UM PASSO ACRESCENTA UM TRA\u00c7O GALLERY EXHIB SHOP INFO<\/p>","protected":false},"author":2,"featured_media":0,"parent":0,"menu_order":0,"comment_status":"closed","ping_status":"closed","template":"","meta":{"footnotes":""},"class_list":["post-2451","page","type-page","status-publish","hentry"],"yoast_head":"<!-- This site is optimized with the Yoast SEO plugin v27.4 - https:\/\/yoast.com\/product\/yoast-seo-wordpress\/ -->\n<title>Shop By - Francisco K<\/title>\n<meta name=\"description\" content=\"Browse the Francisco K art gallery by category. Shop by series, coordinates, or art medium to find the perfect original drawing for your private collection.\" \/>\n<meta name=\"robots\" content=\"index, follow, max-snippet:-1, max-image-preview:large, max-video-preview:-1\" \/>\n<link rel=\"canonical\" href=\"https:\/\/franciscok.com\/fr\/francisco-k-shop-by\/\" \/>\n<meta property=\"og:locale\" content=\"fr_FR\" \/>\n<meta property=\"og:type\" content=\"article\" \/>\n<meta property=\"og:title\" content=\"Shop By - Francisco K\" \/>\n<meta property=\"og:description\" content=\"Browse the Francisco K art gallery by category. Shop by series, coordinates, or art medium to find the perfect original drawing for your private collection.\" \/>\n<meta property=\"og:url\" content=\"https:\/\/franciscok.com\/fr\/francisco-k-shop-by\/\" \/>\n<meta property=\"og:site_name\" content=\"FRANCISCO K\" \/>\n<meta property=\"article:modified_time\" content=\"2026-02-24T11:06:24+00:00\" \/>\n<meta property=\"og:image\" content=\"http:\/\/franciscok.com\/wp-content\/uploads\/2026\/01\/shopall-scaled.jpg\" \/>\n<meta name=\"twitter:card\" content=\"summary_large_image\" \/>\n<meta name=\"twitter:label1\" content=\"Dur\u00e9e de lecture estim\u00e9e\" \/>\n\t<meta name=\"twitter:data1\" content=\"1 minute\" \/>\n<script type=\"application\/ld+json\" class=\"yoast-schema-graph\">{\"@context\":\"https:\\\/\\\/schema.org\",\"@graph\":[{\"@type\":\"WebPage\",\"@id\":\"https:\\\/\\\/franciscok.com\\\/francisco-k-shop-by\\\/\",\"url\":\"https:\\\/\\\/franciscok.com\\\/francisco-k-shop-by\\\/\",\"name\":\"Shop By - Francisco K\",\"isPartOf\":{\"@id\":\"https:\\\/\\\/franciscok.com\\\/#website\"},\"primaryImageOfPage\":{\"@id\":\"https:\\\/\\\/franciscok.com\\\/francisco-k-shop-by\\\/#primaryimage\"},\"image\":{\"@id\":\"https:\\\/\\\/franciscok.com\\\/francisco-k-shop-by\\\/#primaryimage\"},\"thumbnailUrl\":\"http:\\\/\\\/franciscok.com\\\/wp-content\\\/uploads\\\/2026\\\/01\\\/shopall-scaled.jpg\",\"datePublished\":\"2026-01-14T14:01:23+00:00\",\"dateModified\":\"2026-02-24T11:06:24+00:00\",\"description\":\"Browse the Francisco K art gallery by category. Shop by series, coordinates, or art medium to find the perfect original drawing for your private collection.\",\"breadcrumb\":{\"@id\":\"https:\\\/\\\/franciscok.com\\\/francisco-k-shop-by\\\/#breadcrumb\"},\"inLanguage\":\"fr-FR\",\"potentialAction\":[{\"@type\":\"ReadAction\",\"target\":[\"https:\\\/\\\/franciscok.com\\\/francisco-k-shop-by\\\/\"]}]},{\"@type\":\"ImageObject\",\"inLanguage\":\"fr-FR\",\"@id\":\"https:\\\/\\\/franciscok.com\\\/francisco-k-shop-by\\\/#primaryimage\",\"url\":\"http:\\\/\\\/franciscok.com\\\/wp-content\\\/uploads\\\/2026\\\/01\\\/shopall-scaled.jpg\",\"contentUrl\":\"http:\\\/\\\/franciscok.com\\\/wp-content\\\/uploads\\\/2026\\\/01\\\/shopall-scaled.jpg\"},{\"@type\":\"BreadcrumbList\",\"@id\":\"https:\\\/\\\/franciscok.com\\\/francisco-k-shop-by\\\/#breadcrumb\",\"itemListElement\":[{\"@type\":\"ListItem\",\"position\":1,\"name\":\"Accueil\",\"item\":\"https:\\\/\\\/franciscok.com\\\/\"},{\"@type\":\"ListItem\",\"position\":2,\"name\":\"FRANCISCO K &#8211; SHOP BY\"}]},{\"@type\":\"WebSite\",\"@id\":\"https:\\\/\\\/franciscok.com\\\/#website\",\"url\":\"https:\\\/\\\/franciscok.com\\\/\",\"name\":\"FRANCISCO K\",\"description\":\"\",\"publisher\":{\"@id\":\"https:\\\/\\\/franciscok.com\\\/#\\\/schema\\\/person\\\/c2b4341f45a4a2034b1bed449e55c6ee\"},\"potentialAction\":[{\"@type\":\"SearchAction\",\"target\":{\"@type\":\"EntryPoint\",\"urlTemplate\":\"https:\\\/\\\/franciscok.com\\\/?s={search_term_string}\"},\"query-input\":{\"@type\":\"PropertyValueSpecification\",\"valueRequired\":true,\"valueName\":\"search_term_string\"}}],\"inLanguage\":\"fr-FR\"},{\"@type\":[\"Person\",\"Organization\"],\"@id\":\"https:\\\/\\\/franciscok.com\\\/#\\\/schema\\\/person\\\/c2b4341f45a4a2034b1bed449e55c6ee\",\"name\":\"Francisco\",\"image\":{\"@type\":\"ImageObject\",\"inLanguage\":\"fr-FR\",\"@id\":\"http:\\\/\\\/franciscok.com\\\/wp-content\\\/uploads\\\/2026\\\/02\\\/FK_LOGO.png\",\"url\":\"http:\\\/\\\/franciscok.com\\\/wp-content\\\/uploads\\\/2026\\\/02\\\/FK_LOGO.png\",\"contentUrl\":\"http:\\\/\\\/franciscok.com\\\/wp-content\\\/uploads\\\/2026\\\/02\\\/FK_LOGO.png\",\"width\":500,\"height\":500,\"caption\":\"Francisco\"},\"logo\":{\"@id\":\"http:\\\/\\\/franciscok.com\\\/wp-content\\\/uploads\\\/2026\\\/02\\\/FK_LOGO.png\"},\"description\":\"Francisco K \u2013 1994 \u2013 is a Portuguese artist raised in Damaia \u2013 in the suburbs of Lisbon. He has lived and worked in Portugal, France, La R\u00e9union Island and is now installed at the Basque Region. He has been drawing since he remembers. After working as an architect for almost 7 years, he decides to establish himself as an artist. It\u2019s the drawing and its power that fascinates him the most. His drawings explore the realm of realism while interpreting the mundane, the way he sees himself, his personal view of the world and how it affects him. Besides drawing, architecture, he\u2019s passionate by bicycle mechanics, electronic music production, climbing and birds.\",\"sameAs\":[\"https:\\\/\\\/franciscok.com\\\/\",\"https:\\\/\\\/www.instagram.com\\\/francisco.k_\\\/\",\"https:\\\/\\\/soundcloud.com\\\/francisco-36965762\"]}]}<\/script>\n<!-- \/ Yoast SEO plugin. -->","yoast_head_json":{"title":"Shop By - Francisco K","description":"Browse the Francisco K art gallery by category. Shop by series, coordinates, or art medium to find the perfect original drawing for your private collection.","robots":{"index":"index","follow":"follow","max-snippet":"max-snippet:-1","max-image-preview":"max-image-preview:large","max-video-preview":"max-video-preview:-1"},"canonical":"https:\/\/franciscok.com\/fr\/francisco-k-shop-by\/","og_locale":"fr_FR","og_type":"article","og_title":"Shop By - Francisco K","og_description":"Browse the Francisco K art gallery by category. Shop by series, coordinates, or art medium to find the perfect original drawing for your private collection.","og_url":"https:\/\/franciscok.com\/fr\/francisco-k-shop-by\/","og_site_name":"FRANCISCO K","article_modified_time":"2026-02-24T11:06:24+00:00","og_image":[{"url":"http:\/\/franciscok.com\/wp-content\/uploads\/2026\/01\/shopall-scaled.jpg","type":"","width":"","height":""}],"twitter_card":"summary_large_image","twitter_misc":{"Dur\u00e9e de lecture estim\u00e9e":"1 minute"},"schema":{"@context":"https:\/\/schema.org","@graph":[{"@type":"WebPage","@id":"https:\/\/franciscok.com\/francisco-k-shop-by\/","url":"https:\/\/franciscok.com\/francisco-k-shop-by\/","name":"Shop By - Francisco K","isPartOf":{"@id":"https:\/\/franciscok.com\/#website"},"primaryImageOfPage":{"@id":"https:\/\/franciscok.com\/francisco-k-shop-by\/#primaryimage"},"image":{"@id":"https:\/\/franciscok.com\/francisco-k-shop-by\/#primaryimage"},"thumbnailUrl":"http:\/\/franciscok.com\/wp-content\/uploads\/2026\/01\/shopall-scaled.jpg","datePublished":"2026-01-14T14:01:23+00:00","dateModified":"2026-02-24T11:06:24+00:00","description":"Browse the Francisco K art gallery by category. Shop by series, coordinates, or art medium to find the perfect original drawing for your private collection.","breadcrumb":{"@id":"https:\/\/franciscok.com\/francisco-k-shop-by\/#breadcrumb"},"inLanguage":"fr-FR","potentialAction":[{"@type":"ReadAction","target":["https:\/\/franciscok.com\/francisco-k-shop-by\/"]}]},{"@type":"ImageObject","inLanguage":"fr-FR","@id":"https:\/\/franciscok.com\/francisco-k-shop-by\/#primaryimage","url":"http:\/\/franciscok.com\/wp-content\/uploads\/2026\/01\/shopall-scaled.jpg","contentUrl":"http:\/\/franciscok.com\/wp-content\/uploads\/2026\/01\/shopall-scaled.jpg"},{"@type":"BreadcrumbList","@id":"https:\/\/franciscok.com\/francisco-k-shop-by\/#breadcrumb","itemListElement":[{"@type":"ListItem","position":1,"name":"Accueil","item":"https:\/\/franciscok.com\/"},{"@type":"ListItem","position":2,"name":"FRANCISCO K &#8211; SHOP BY"}]},{"@type":"WebSite","@id":"https:\/\/franciscok.com\/#website","url":"https:\/\/franciscok.com\/","name":"FRANCISCO K","description":"","publisher":{"@id":"https:\/\/franciscok.com\/#\/schema\/person\/c2b4341f45a4a2034b1bed449e55c6ee"},"potentialAction":[{"@type":"SearchAction","target":{"@type":"EntryPoint","urlTemplate":"https:\/\/franciscok.com\/?s={search_term_string}"},"query-input":{"@type":"PropertyValueSpecification","valueRequired":true,"valueName":"search_term_string"}}],"inLanguage":"fr-FR"},{"@type":["Person","Organization"],"@id":"https:\/\/franciscok.com\/#\/schema\/person\/c2b4341f45a4a2034b1bed449e55c6ee","name":"Francisco","image":{"@type":"ImageObject","inLanguage":"fr-FR","@id":"http:\/\/franciscok.com\/wp-content\/uploads\/2026\/02\/FK_LOGO.png","url":"http:\/\/franciscok.com\/wp-content\/uploads\/2026\/02\/FK_LOGO.png","contentUrl":"http:\/\/franciscok.com\/wp-content\/uploads\/2026\/02\/FK_LOGO.png","width":500,"height":500,"caption":"Francisco"},"logo":{"@id":"http:\/\/franciscok.com\/wp-content\/uploads\/2026\/02\/FK_LOGO.png"},"description":"Francisco K \u2013 1994 \u2013 is a Portuguese artist raised in Damaia \u2013 in the suburbs of Lisbon. He has lived and worked in Portugal, France, La R\u00e9union Island and is now installed at the Basque Region. He has been drawing since he remembers. After working as an architect for almost 7 years, he decides to establish himself as an artist. It\u2019s the drawing and its power that fascinates him the most. His drawings explore the realm of realism while interpreting the mundane, the way he sees himself, his personal view of the world and how it affects him. Besides drawing, architecture, he\u2019s passionate by bicycle mechanics, electronic music production, climbing and birds.","sameAs":["https:\/\/franciscok.com\/","https:\/\/www.instagram.com\/francisco.k_\/","https:\/\/soundcloud.com\/francisco-36965762"]}]}},"_links":{"self":[{"href":"https:\/\/franciscok.com\/fr\/wp-json\/wp\/v2\/pages\/2451","targetHints":{"allow":["GET"]}}],"collection":[{"href":"https:\/\/franciscok.com\/fr\/wp-json\/wp\/v2\/pages"}],"about":[{"href":"https:\/\/franciscok.com\/fr\/wp-json\/wp\/v2\/types\/page"}],"author":[{"embeddable":true,"href":"https:\/\/franciscok.com\/fr\/wp-json\/wp\/v2\/users\/2"}],"replies":[{"embeddable":true,"href":"https:\/\/franciscok.com\/fr\/wp-json\/wp\/v2\/comments?post=2451"}],"version-history":[{"count":628,"href":"https:\/\/franciscok.com\/fr\/wp-json\/wp\/v2\/pages\/2451\/revisions"}],"predecessor-version":[{"id":6398,"href":"https:\/\/franciscok.com\/fr\/wp-json\/wp\/v2\/pages\/2451\/revisions\/6398"}],"wp:attachment":[{"href":"https:\/\/franciscok.com\/fr\/wp-json\/wp\/v2\/media?parent=2451"}],"curies":[{"name":"wp","href":"https:\/\/api.w.org\/{rel}","templated":true}]}}