{"id":994,"date":"2025-12-15T14:24:43","date_gmt":"2025-12-15T14:24:43","guid":{"rendered":"https:\/\/franciscok.com\/?page_id=994"},"modified":"2026-03-20T10:57:11","modified_gmt":"2026-03-20T10:57:11","slug":"gallery","status":"publish","type":"page","link":"https:\/\/franciscok.com\/fr\/gallery\/","title":{"rendered":"FRANCISCO K &#8211; GALLERY"},"content":{"rendered":"\t\t<div data-elementor-type=\"wp-page\" data-elementor-id=\"994\" class=\"elementor elementor-994\" data-elementor-post-type=\"page\">\n\t\t\t\t<div class=\"elementor-element elementor-element-4fb8a2ec e-flex e-con-boxed e-con e-parent\" data-id=\"4fb8a2ec\" data-element_type=\"container\" data-e-type=\"container\" data-settings=\"{&quot;sticky&quot;:&quot;top&quot;,&quot;sticky_on&quot;:[&quot;desktop&quot;,&quot;tablet_extra&quot;,&quot;tablet&quot;,&quot;mobile&quot;],&quot;sticky_offset&quot;:0,&quot;sticky_effects_offset&quot;:0,&quot;sticky_anchor_link_offset&quot;:0}\">\n\t\t\t\t\t<div class=\"e-con-inner\">\n\t\t\t\t<div class=\"elementor-element elementor-element-5114fdd7 elementor-widget__width-initial elementor-widget-mobile__width-inherit elementor-widget elementor-widget-heading\" data-id=\"5114fdd7\" data-element_type=\"widget\" data-e-type=\"widget\" data-settings=\"{&quot;sticky_on&quot;:[&quot;desktop&quot;],&quot;sticky&quot;:&quot;top&quot;,&quot;sticky_offset&quot;:1,&quot;sticky_effects_offset&quot;:0,&quot;sticky_anchor_link_offset&quot;:0}\" data-widget_type=\"heading.default\">\n\t\t\t\t\t<h1 class=\"elementor-heading-title elementor-size-default\"><a href=\"https:\/\/franciscok.com\/\">FRANCISCO K<\/a><\/h1>\t\t\t\t<\/div>\n\t\t\t\t\t<\/div>\n\t\t\t\t<\/div>\n\t\t<div class=\"elementor-element elementor-element-624f0e86 e-flex e-con-boxed e-con e-parent\" data-id=\"624f0e86\" data-element_type=\"container\" data-e-type=\"container\" data-settings=\"{&quot;sticky&quot;:&quot;top&quot;,&quot;sticky_offset&quot;:350,&quot;sticky_offset_mobile&quot;:320,&quot;sticky_offset_tablet_extra&quot;:250,&quot;sticky_offset_tablet&quot;:250,&quot;sticky_on&quot;:[&quot;desktop&quot;,&quot;tablet_extra&quot;,&quot;tablet&quot;,&quot;mobile&quot;],&quot;sticky_effects_offset&quot;:0,&quot;sticky_anchor_link_offset&quot;:0}\">\n\t\t\t\t\t<div class=\"e-con-inner\">\n\t\t<div class=\"elementor-element elementor-element-2cc1f309 e-con-full e-flex e-con e-child\" data-id=\"2cc1f309\" data-element_type=\"container\" data-e-type=\"container\">\n\t\t\t\t<div class=\"elementor-element elementor-element-2565f8b0 elementor-widget-mobile__width-initial elementor-widget-tablet__width-inherit elementor-widget__width-initial elementor-hidden-desktop elementor-hidden-tablet_extra elementor-hidden-tablet elementor-widget elementor-widget-heading\" data-id=\"2565f8b0\" data-element_type=\"widget\" data-e-type=\"widget\" data-widget_type=\"heading.default\">\n\t\t\t\t\t<h2 class=\"elementor-heading-title elementor-size-default\"><a href=\"https:\/\/franciscok.com\/quemdaumpassoacrescentaumtraco\/\">QUEM D\u00c1 UM PASSO ACRESCENTA UM TRA\u00c7O<\/a><\/h2>\t\t\t\t<\/div>\n\t\t\t\t<div class=\"elementor-element elementor-element-27215b2a elementor-widget-mobile__width-initial elementor-widget-tablet__width-initial elementor-widget__width-initial elementor-widget-tablet_extra__width-initial elementor-hidden-mobile elementor-widget elementor-widget-heading\" data-id=\"27215b2a\" data-element_type=\"widget\" data-e-type=\"widget\" data-target=\"1\" data-widget_type=\"heading.default\">\n\t\t\t\t\t<h2 class=\"elementor-heading-title elementor-size-default\"><a href=\"https:\/\/franciscok.com\/quemdaumpassoacrescentaumtraco\/\">QUEM D\u00c1 UM PASSO ACRESCENTA UM TRA\u00c7O<\/a><\/h2>\t\t\t\t<\/div>\n\t\t\t\t<div class=\"elementor-element elementor-element-351e2627 elementor-widget-mobile__width-initial elementor-widget-tablet__width-inherit elementor-widget__width-initial elementor-widget elementor-widget-heading\" data-id=\"351e2627\" data-element_type=\"widget\" data-e-type=\"widget\" data-target=\"2\" data-widget_type=\"heading.default\">\n\t\t\t\t\t<h2 class=\"elementor-heading-title elementor-size-default\"><a href=\"#\">A TERRA PAGA-ME EM VIDA, E EU PAGO \u00c0 TERRA EM MORRENDO<\/a><\/h2>\t\t\t\t<\/div>\n\t\t\t\t<div class=\"elementor-element elementor-element-4c715b21 elementor-widget-mobile__width-initial elementor-widget-tablet__width-inherit elementor-widget__width-initial elementor-widget elementor-widget-heading\" data-id=\"4c715b21\" data-element_type=\"widget\" data-e-type=\"widget\" data-target=\"3\" data-widget_type=\"heading.default\">\n\t\t\t\t\t<h2 class=\"elementor-heading-title elementor-size-default\"><a href=\"#\">ARCHIVE<\/a><\/h2>\t\t\t\t<\/div>\n\t\t\t\t<\/div>\n\t\t<div class=\"elementor-element elementor-element-6d19c8ad e-con-full e-flex e-con e-child\" data-id=\"6d19c8ad\" data-element_type=\"container\" data-e-type=\"container\">\n\t\t\t\t<div class=\"elementor-element elementor-element-7e3bd8e7 elementor-widget elementor-widget-heading\" data-id=\"7e3bd8e7\" data-element_type=\"widget\" data-e-type=\"widget\" data-widget_type=\"heading.default\">\n\t\t\t\t\t<h2 class=\"elementor-heading-title elementor-size-default\"><a href=\"https:\/\/franciscok.com\/gallery\">GALLERY<\/a><\/h2>\t\t\t\t<\/div>\n\t\t\t\t<div class=\"elementor-element elementor-element-2ef7fbea elementor-widget elementor-widget-heading\" data-id=\"2ef7fbea\" data-element_type=\"widget\" data-e-type=\"widget\" data-widget_type=\"heading.default\">\n\t\t\t\t\t<h2 class=\"elementor-heading-title elementor-size-default\"><a href=\"https:\/\/franciscok.com\/francisco-k-exhib\">EXHIB<\/a><\/h2>\t\t\t\t<\/div>\n\t\t\t\t<div class=\"elementor-element elementor-element-480dd830 elementor-widget elementor-widget-heading\" data-id=\"480dd830\" data-element_type=\"widget\" data-e-type=\"widget\" data-widget_type=\"heading.default\">\n\t\t\t\t\t<h2 class=\"elementor-heading-title elementor-size-default\"><a href=\"https:\/\/franciscok.com\/francisco-k-shop\">SHOP<\/a><\/h2>\t\t\t\t<\/div>\n\t\t\t\t<div class=\"elementor-element elementor-element-7280d5eb elementor-widget elementor-widget-heading\" data-id=\"7280d5eb\" data-element_type=\"widget\" data-e-type=\"widget\" data-widget_type=\"heading.default\">\n\t\t\t\t\t<h2 class=\"elementor-heading-title elementor-size-default\"><a href=\"https:\/\/franciscok.com\/francisco-k-info\/\">INFO\n<\/a><\/h2>\t\t\t\t<\/div>\n\t\t\t\t<\/div>\n\t\t\t\t\t<\/div>\n\t\t\t\t<\/div>\n\t\t<div class=\"elementor-element elementor-element-4e5a63cb e-con-full elementor-hidden-desktop e-flex e-con e-parent\" data-id=\"4e5a63cb\" data-element_type=\"container\" data-e-type=\"container\">\n\t\t\t\t<div class=\"elementor-element elementor-element-59699d13 elementor-widget-mobile__width-inherit elementor-hidden-desktop elementor--h-position-center elementor--v-position-middle elementor-widget elementor-widget-slides\" data-id=\"59699d13\" data-element_type=\"widget\" data-e-type=\"widget\" data-settings=\"{&quot;navigation&quot;:&quot;none&quot;,&quot;transition&quot;:&quot;fade&quot;,&quot;transition_speed&quot;:2000,&quot;autoplay_speed&quot;:2500,&quot;autoplay&quot;:&quot;yes&quot;,&quot;pause_on_hover&quot;:&quot;yes&quot;,&quot;pause_on_interaction&quot;:&quot;yes&quot;,&quot;infinite&quot;:&quot;yes&quot;}\" data-widget_type=\"slides.default\">\n\t\t\t\t\t\t\t\t\t\t<div class=\"elementor-slides-wrapper elementor-main-swiper swiper\" role=\"region\" aria-roledescription=\"carousel\" aria-label=\"Diapositives\" dir=\"ltr\" data-animation=\"fadeInUp\">\n\t\t\t\t<div class=\"swiper-wrapper elementor-slides\">\n\t\t\t\t\t\t\t\t\t\t<div class=\"elementor-repeater-item-69c09d9 swiper-slide\" role=\"group\" aria-roledescription=\"slide\"><div class=\"swiper-slide-bg\" role=\"img\" aria-label=\"OLDWOUNDS_03\"><\/div><div class=\"swiper-slide-inner\" ><div class=\"swiper-slide-contents\"><\/div><\/div><\/div><div class=\"elementor-repeater-item-f39b02b swiper-slide\" role=\"group\" aria-roledescription=\"slide\"><div class=\"swiper-slide-bg\" role=\"img\" aria-label=\"FK_ARCHIVE_01\"><\/div><div class=\"swiper-slide-inner\" ><div class=\"swiper-slide-contents\"><\/div><\/div><\/div><div class=\"elementor-repeater-item-44e5b07 swiper-slide\" role=\"group\" aria-roledescription=\"slide\"><div class=\"swiper-slide-bg\" role=\"img\" aria-label=\"DS_C03357\"><\/div><div class=\"swiper-slide-inner\" ><div class=\"swiper-slide-contents\"><\/div><\/div><\/div>\t\t\t\t<\/div>\n\t\t\t\t\t\t\t\t\t\t\t\t\t\t\t\t\t\t\t\t\t<\/div>\n\t\t\t\t\t\t\t\t<\/div>\n\t\t\t\t<\/div>\n\t\t<div class=\"elementor-element elementor-element-b600242 e-con-full elementor-hidden-tablet_extra elementor-hidden-tablet elementor-hidden-mobile e-flex e-con e-parent\" data-id=\"b600242\" data-element_type=\"container\" data-e-type=\"container\">\n\t\t\t\t<div class=\"elementor-element elementor-element-34c6e54c img-ordi content-1 elementor-hidden-tablet_extra elementor-hidden-tablet elementor-hidden-mobile elementor-widget elementor-widget-image\" data-id=\"34c6e54c\" data-element_type=\"widget\" data-e-type=\"widget\" data-widget_type=\"image.default\">\n\t\t\t\t\t\t\t\t\t\t\t\t\t\t\t<img fetchpriority=\"high\" decoding=\"async\" width=\"2006\" height=\"2560\" src=\"https:\/\/franciscok.com\/wp-content\/uploads\/2025\/12\/OLDWOUNDS_01_02-scaled.jpg\" class=\"attachment-full size-full wp-image-424\" alt=\"\" srcset=\"https:\/\/franciscok.com\/wp-content\/uploads\/2025\/12\/OLDWOUNDS_01_02-scaled.jpg 2006w, https:\/\/franciscok.com\/wp-content\/uploads\/2025\/12\/OLDWOUNDS_01_02-scaled-600x766.jpg 600w, https:\/\/franciscok.com\/wp-content\/uploads\/2025\/12\/OLDWOUNDS_01_02-235x300.jpg 235w, https:\/\/franciscok.com\/wp-content\/uploads\/2025\/12\/OLDWOUNDS_01_02-802x1024.jpg 802w, https:\/\/franciscok.com\/wp-content\/uploads\/2025\/12\/OLDWOUNDS_01_02-768x980.jpg 768w, https:\/\/franciscok.com\/wp-content\/uploads\/2025\/12\/OLDWOUNDS_01_02-1204x1536.jpg 1204w, https:\/\/franciscok.com\/wp-content\/uploads\/2025\/12\/OLDWOUNDS_01_02-1605x2048.jpg 1605w\" sizes=\"(max-width: 2006px) 100vw, 2006px\" \/>\t\t\t\t\t\t\t\t\t\t\t\t\t\t\t<\/div>\n\t\t\t\t<div class=\"elementor-element elementor-element-75610dbd img-ordi content-2 elementor-hidden-tablet_extra elementor-hidden-tablet elementor-hidden-mobile elementor-widget elementor-widget-image\" data-id=\"75610dbd\" data-element_type=\"widget\" data-e-type=\"widget\" data-widget_type=\"image.default\">\n\t\t\t\t\t\t\t\t\t\t\t\t\t\t\t<img decoding=\"async\" width=\"1707\" height=\"2560\" src=\"https:\/\/franciscok.com\/wp-content\/uploads\/2026\/03\/DSC03817_-scaled.jpg\" class=\"attachment-full size-full wp-image-7221\" alt=\"\" srcset=\"https:\/\/franciscok.com\/wp-content\/uploads\/2026\/03\/DSC03817_-scaled.jpg 1707w, https:\/\/franciscok.com\/wp-content\/uploads\/2026\/03\/DSC03817_-200x300.jpg 200w, https:\/\/franciscok.com\/wp-content\/uploads\/2026\/03\/DSC03817_-683x1024.jpg 683w, https:\/\/franciscok.com\/wp-content\/uploads\/2026\/03\/DSC03817_-768x1152.jpg 768w\" sizes=\"(max-width: 1707px) 100vw, 1707px\" \/>\t\t\t\t\t\t\t\t\t\t\t\t\t\t\t<\/div>\n\t\t\t\t<div class=\"elementor-element elementor-element-50dc0d4c img-ordi content-3 elementor-hidden-tablet_extra elementor-hidden-tablet elementor-hidden-mobile elementor-widget elementor-widget-image\" data-id=\"50dc0d4c\" data-element_type=\"widget\" data-e-type=\"widget\" data-widget_type=\"image.default\">\n\t\t\t\t\t\t\t\t\t\t\t\t\t\t\t<img decoding=\"async\" width=\"1748\" height=\"2126\" src=\"https:\/\/franciscok.com\/wp-content\/uploads\/2025\/12\/FK_ARCHIVE_01.jpg\" class=\"attachment-full size-full wp-image-1892\" alt=\"\" srcset=\"https:\/\/franciscok.com\/wp-content\/uploads\/2025\/12\/FK_ARCHIVE_01.jpg 1748w, https:\/\/franciscok.com\/wp-content\/uploads\/2025\/12\/FK_ARCHIVE_01-247x300.jpg 247w, https:\/\/franciscok.com\/wp-content\/uploads\/2025\/12\/FK_ARCHIVE_01-842x1024.jpg 842w, https:\/\/franciscok.com\/wp-content\/uploads\/2025\/12\/FK_ARCHIVE_01-768x934.jpg 768w, https:\/\/franciscok.com\/wp-content\/uploads\/2025\/12\/FK_ARCHIVE_01-1263x1536.jpg 1263w, https:\/\/franciscok.com\/wp-content\/uploads\/2025\/12\/FK_ARCHIVE_01-1684x2048.jpg 1684w, https:\/\/franciscok.com\/wp-content\/uploads\/2025\/12\/FK_ARCHIVE_01-600x730.jpg 600w\" sizes=\"(max-width: 1748px) 100vw, 1748px\" \/>\t\t\t\t\t\t\t\t\t\t\t\t\t\t\t<\/div>\n\t\t\t\t<\/div>\n\t\t<div class=\"elementor-element elementor-element-57f5069a e-con-full e-flex e-con e-parent\" data-id=\"57f5069a\" data-element_type=\"container\" data-e-type=\"container\">\n\t\t\t\t<div class=\"elementor-element elementor-element-c17d46c elementor-widget elementor-widget-html\" data-id=\"c17d46c\" data-element_type=\"widget\" data-e-type=\"widget\" data-widget_type=\"html.default\">\n\t\t\t\t\t<script src=\"https:\/\/code.jquery.com\/jquery-3.6.0.min.js\"><\/script>\r\n<script>\r\njQuery(document).ready(function($){\r\n\r\n    function initFirstImage() {\r\n        var isMobile = window.matchMedia(\"(max-width: 767px)\").matches;\r\n\r\n        if (isMobile) {\r\n\r\n            $('.img-mobile.content-1').addClass('active');\r\n        } else {\r\n\r\n            $('.img-ordi.content-1').addClass('active');\r\n        }\r\n    }\r\n\r\n\r\n    initFirstImage();\r\n\r\n    function activateImage(targetID, isMobile) {\r\n\r\n        $('.img-ordi, .img-mobile').removeClass('active');\r\n\r\n        if (isMobile) {\r\n            $('.img-mobile.content-' + targetID).addClass('active');\r\n        } else {\r\n            $('.img-ordi.content-' + targetID).addClass('active');\r\n        }\r\n    }\r\n\r\n    $('[data-target]').on('mouseenter click', function(e){\r\n        var targetID = $(this).attr('data-target');\r\n        var isMobile = window.matchMedia(\"(max-width: 767px)\").matches;\r\n\r\n        if (e.type === 'mouseenter' && !isMobile) {\r\n            activateImage(targetID, false);\r\n        }\r\n\r\n        else if (e.type === 'click' && isMobile) {\r\n            activateImage(targetID, true);\r\n        }\r\n    });\r\n\r\n});\r\n<\/script>\t\t\t\t<\/div>\n\t\t\t\t<\/div>\n\t\t\t\t<\/div>\n\t\t","protected":false},"excerpt":{"rendered":"<p>FRANCISCO K QUEM D\u00c1 UM PASSO ACRESCENTA UM TRA\u00c7O QUEM D\u00c1 UM PASSO ACRESCENTA UM TRA\u00c7O A TERRA PAGA-ME EM VIDA, E EU PAGO \u00c0 TERRA EM MORRENDO ARCHIVE GALLERY EXHIB SHOP INFO<\/p>","protected":false},"author":2,"featured_media":0,"parent":0,"menu_order":0,"comment_status":"closed","ping_status":"closed","template":"","meta":{"footnotes":""},"class_list":["post-994","page","type-page","status-publish","hentry"],"yoast_head":"<!-- This site is optimized with the Yoast SEO plugin v27.4 - https:\/\/yoast.com\/product\/yoast-seo-wordpress\/ -->\n<title>Gallery - Francisco K<\/title>\n<meta name=\"description\" content=\"Explore the Francisco K Art Gallery and discover a unique collection of original contemporary paintings and abstract drawings. Secure worldwide shipping today.\" \/>\n<meta name=\"robots\" content=\"index, follow, max-snippet:-1, max-image-preview:large, max-video-preview:-1\" \/>\n<link rel=\"canonical\" href=\"https:\/\/franciscok.com\/fr\/gallery\/\" \/>\n<meta property=\"og:locale\" content=\"fr_FR\" \/>\n<meta property=\"og:type\" content=\"article\" \/>\n<meta property=\"og:title\" content=\"Gallery - Francisco K\" \/>\n<meta property=\"og:description\" content=\"Explore the Francisco K Art Gallery and discover a unique collection of original contemporary paintings and abstract drawings. Secure worldwide shipping today.\" \/>\n<meta property=\"og:url\" content=\"https:\/\/franciscok.com\/fr\/gallery\/\" \/>\n<meta property=\"og:site_name\" content=\"FRANCISCO K\" \/>\n<meta property=\"article:modified_time\" content=\"2026-03-20T10:57:11+00:00\" \/>\n<meta property=\"og:image\" content=\"https:\/\/franciscok.com\/wp-content\/uploads\/2025\/12\/OLDWOUNDS_01_02-scaled.jpg\" \/>\n\t<meta property=\"og:image:width\" content=\"2006\" \/>\n\t<meta property=\"og:image:height\" content=\"2560\" \/>\n\t<meta property=\"og:image:type\" content=\"image\/jpeg\" \/>\n<meta name=\"twitter:card\" content=\"summary_large_image\" \/>\n<meta name=\"twitter:label1\" content=\"Dur\u00e9e de lecture estim\u00e9e\" \/>\n\t<meta name=\"twitter:data1\" content=\"1 minute\" \/>\n<script type=\"application\/ld+json\" class=\"yoast-schema-graph\">{\"@context\":\"https:\\\/\\\/schema.org\",\"@graph\":[{\"@type\":\"WebPage\",\"@id\":\"https:\\\/\\\/franciscok.com\\\/gallery\\\/\",\"url\":\"https:\\\/\\\/franciscok.com\\\/gallery\\\/\",\"name\":\"Gallery - Francisco K\",\"isPartOf\":{\"@id\":\"https:\\\/\\\/franciscok.com\\\/#website\"},\"primaryImageOfPage\":{\"@id\":\"https:\\\/\\\/franciscok.com\\\/gallery\\\/#primaryimage\"},\"image\":{\"@id\":\"https:\\\/\\\/franciscok.com\\\/gallery\\\/#primaryimage\"},\"thumbnailUrl\":\"http:\\\/\\\/franciscok.com\\\/wp-content\\\/uploads\\\/2025\\\/12\\\/OLDWOUNDS_01_02-scaled.jpg\",\"datePublished\":\"2025-12-15T14:24:43+00:00\",\"dateModified\":\"2026-03-20T10:57:11+00:00\",\"description\":\"Explore the Francisco K Art Gallery and discover a unique collection of original contemporary paintings and abstract drawings. Secure worldwide shipping today.\",\"breadcrumb\":{\"@id\":\"https:\\\/\\\/franciscok.com\\\/gallery\\\/#breadcrumb\"},\"inLanguage\":\"fr-FR\",\"potentialAction\":[{\"@type\":\"ReadAction\",\"target\":[\"https:\\\/\\\/franciscok.com\\\/gallery\\\/\"]}]},{\"@type\":\"ImageObject\",\"inLanguage\":\"fr-FR\",\"@id\":\"https:\\\/\\\/franciscok.com\\\/gallery\\\/#primaryimage\",\"url\":\"http:\\\/\\\/franciscok.com\\\/wp-content\\\/uploads\\\/2025\\\/12\\\/OLDWOUNDS_01_02-scaled.jpg\",\"contentUrl\":\"http:\\\/\\\/franciscok.com\\\/wp-content\\\/uploads\\\/2025\\\/12\\\/OLDWOUNDS_01_02-scaled.jpg\"},{\"@type\":\"BreadcrumbList\",\"@id\":\"https:\\\/\\\/franciscok.com\\\/gallery\\\/#breadcrumb\",\"itemListElement\":[{\"@type\":\"ListItem\",\"position\":1,\"name\":\"Accueil\",\"item\":\"https:\\\/\\\/franciscok.com\\\/\"},{\"@type\":\"ListItem\",\"position\":2,\"name\":\"FRANCISCO K &#8211; GALLERY\"}]},{\"@type\":\"WebSite\",\"@id\":\"https:\\\/\\\/franciscok.com\\\/#website\",\"url\":\"https:\\\/\\\/franciscok.com\\\/\",\"name\":\"FRANCISCO K\",\"description\":\"\",\"publisher\":{\"@id\":\"https:\\\/\\\/franciscok.com\\\/#\\\/schema\\\/person\\\/c2b4341f45a4a2034b1bed449e55c6ee\"},\"potentialAction\":[{\"@type\":\"SearchAction\",\"target\":{\"@type\":\"EntryPoint\",\"urlTemplate\":\"https:\\\/\\\/franciscok.com\\\/?s={search_term_string}\"},\"query-input\":{\"@type\":\"PropertyValueSpecification\",\"valueRequired\":true,\"valueName\":\"search_term_string\"}}],\"inLanguage\":\"fr-FR\"},{\"@type\":[\"Person\",\"Organization\"],\"@id\":\"https:\\\/\\\/franciscok.com\\\/#\\\/schema\\\/person\\\/c2b4341f45a4a2034b1bed449e55c6ee\",\"name\":\"Francisco\",\"image\":{\"@type\":\"ImageObject\",\"inLanguage\":\"fr-FR\",\"@id\":\"http:\\\/\\\/franciscok.com\\\/wp-content\\\/uploads\\\/2026\\\/02\\\/FK_LOGO.png\",\"url\":\"http:\\\/\\\/franciscok.com\\\/wp-content\\\/uploads\\\/2026\\\/02\\\/FK_LOGO.png\",\"contentUrl\":\"http:\\\/\\\/franciscok.com\\\/wp-content\\\/uploads\\\/2026\\\/02\\\/FK_LOGO.png\",\"width\":500,\"height\":500,\"caption\":\"Francisco\"},\"logo\":{\"@id\":\"http:\\\/\\\/franciscok.com\\\/wp-content\\\/uploads\\\/2026\\\/02\\\/FK_LOGO.png\"},\"description\":\"Francisco K \u2013 1994 \u2013 is a Portuguese artist raised in Damaia \u2013 in the suburbs of Lisbon. He has lived and worked in Portugal, France, La R\u00e9union Island and is now installed at the Basque Region. He has been drawing since he remembers. After working as an architect for almost 7 years, he decides to establish himself as an artist. It\u2019s the drawing and its power that fascinates him the most. His drawings explore the realm of realism while interpreting the mundane, the way he sees himself, his personal view of the world and how it affects him. Besides drawing, architecture, he\u2019s passionate by bicycle mechanics, electronic music production, climbing and birds.\",\"sameAs\":[\"https:\\\/\\\/franciscok.com\\\/\",\"https:\\\/\\\/www.instagram.com\\\/francisco.k_\\\/\",\"https:\\\/\\\/soundcloud.com\\\/francisco-36965762\"]}]}<\/script>\n<!-- \/ Yoast SEO plugin. -->","yoast_head_json":{"title":"Gallery - Francisco K","description":"Explore the Francisco K Art Gallery and discover a unique collection of original contemporary paintings and abstract drawings. Secure worldwide shipping today.","robots":{"index":"index","follow":"follow","max-snippet":"max-snippet:-1","max-image-preview":"max-image-preview:large","max-video-preview":"max-video-preview:-1"},"canonical":"https:\/\/franciscok.com\/fr\/gallery\/","og_locale":"fr_FR","og_type":"article","og_title":"Gallery - Francisco K","og_description":"Explore the Francisco K Art Gallery and discover a unique collection of original contemporary paintings and abstract drawings. Secure worldwide shipping today.","og_url":"https:\/\/franciscok.com\/fr\/gallery\/","og_site_name":"FRANCISCO K","article_modified_time":"2026-03-20T10:57:11+00:00","og_image":[{"width":2006,"height":2560,"url":"https:\/\/franciscok.com\/wp-content\/uploads\/2025\/12\/OLDWOUNDS_01_02-scaled.jpg","type":"image\/jpeg"}],"twitter_card":"summary_large_image","twitter_misc":{"Dur\u00e9e de lecture estim\u00e9e":"1 minute"},"schema":{"@context":"https:\/\/schema.org","@graph":[{"@type":"WebPage","@id":"https:\/\/franciscok.com\/gallery\/","url":"https:\/\/franciscok.com\/gallery\/","name":"Gallery - Francisco K","isPartOf":{"@id":"https:\/\/franciscok.com\/#website"},"primaryImageOfPage":{"@id":"https:\/\/franciscok.com\/gallery\/#primaryimage"},"image":{"@id":"https:\/\/franciscok.com\/gallery\/#primaryimage"},"thumbnailUrl":"http:\/\/franciscok.com\/wp-content\/uploads\/2025\/12\/OLDWOUNDS_01_02-scaled.jpg","datePublished":"2025-12-15T14:24:43+00:00","dateModified":"2026-03-20T10:57:11+00:00","description":"Explore the Francisco K Art Gallery and discover a unique collection of original contemporary paintings and abstract drawings. Secure worldwide shipping today.","breadcrumb":{"@id":"https:\/\/franciscok.com\/gallery\/#breadcrumb"},"inLanguage":"fr-FR","potentialAction":[{"@type":"ReadAction","target":["https:\/\/franciscok.com\/gallery\/"]}]},{"@type":"ImageObject","inLanguage":"fr-FR","@id":"https:\/\/franciscok.com\/gallery\/#primaryimage","url":"http:\/\/franciscok.com\/wp-content\/uploads\/2025\/12\/OLDWOUNDS_01_02-scaled.jpg","contentUrl":"http:\/\/franciscok.com\/wp-content\/uploads\/2025\/12\/OLDWOUNDS_01_02-scaled.jpg"},{"@type":"BreadcrumbList","@id":"https:\/\/franciscok.com\/gallery\/#breadcrumb","itemListElement":[{"@type":"ListItem","position":1,"name":"Accueil","item":"https:\/\/franciscok.com\/"},{"@type":"ListItem","position":2,"name":"FRANCISCO K &#8211; GALLERY"}]},{"@type":"WebSite","@id":"https:\/\/franciscok.com\/#website","url":"https:\/\/franciscok.com\/","name":"FRANCISCO K","description":"","publisher":{"@id":"https:\/\/franciscok.com\/#\/schema\/person\/c2b4341f45a4a2034b1bed449e55c6ee"},"potentialAction":[{"@type":"SearchAction","target":{"@type":"EntryPoint","urlTemplate":"https:\/\/franciscok.com\/?s={search_term_string}"},"query-input":{"@type":"PropertyValueSpecification","valueRequired":true,"valueName":"search_term_string"}}],"inLanguage":"fr-FR"},{"@type":["Person","Organization"],"@id":"https:\/\/franciscok.com\/#\/schema\/person\/c2b4341f45a4a2034b1bed449e55c6ee","name":"Francisco","image":{"@type":"ImageObject","inLanguage":"fr-FR","@id":"http:\/\/franciscok.com\/wp-content\/uploads\/2026\/02\/FK_LOGO.png","url":"http:\/\/franciscok.com\/wp-content\/uploads\/2026\/02\/FK_LOGO.png","contentUrl":"http:\/\/franciscok.com\/wp-content\/uploads\/2026\/02\/FK_LOGO.png","width":500,"height":500,"caption":"Francisco"},"logo":{"@id":"http:\/\/franciscok.com\/wp-content\/uploads\/2026\/02\/FK_LOGO.png"},"description":"Francisco K \u2013 1994 \u2013 is a Portuguese artist raised in Damaia \u2013 in the suburbs of Lisbon. He has lived and worked in Portugal, France, La R\u00e9union Island and is now installed at the Basque Region. He has been drawing since he remembers. After working as an architect for almost 7 years, he decides to establish himself as an artist. It\u2019s the drawing and its power that fascinates him the most. His drawings explore the realm of realism while interpreting the mundane, the way he sees himself, his personal view of the world and how it affects him. Besides drawing, architecture, he\u2019s passionate by bicycle mechanics, electronic music production, climbing and birds.","sameAs":["https:\/\/franciscok.com\/","https:\/\/www.instagram.com\/francisco.k_\/","https:\/\/soundcloud.com\/francisco-36965762"]}]}},"_links":{"self":[{"href":"https:\/\/franciscok.com\/fr\/wp-json\/wp\/v2\/pages\/994","targetHints":{"allow":["GET"]}}],"collection":[{"href":"https:\/\/franciscok.com\/fr\/wp-json\/wp\/v2\/pages"}],"about":[{"href":"https:\/\/franciscok.com\/fr\/wp-json\/wp\/v2\/types\/page"}],"author":[{"embeddable":true,"href":"https:\/\/franciscok.com\/fr\/wp-json\/wp\/v2\/users\/2"}],"replies":[{"embeddable":true,"href":"https:\/\/franciscok.com\/fr\/wp-json\/wp\/v2\/comments?post=994"}],"version-history":[{"count":1050,"href":"https:\/\/franciscok.com\/fr\/wp-json\/wp\/v2\/pages\/994\/revisions"}],"predecessor-version":[{"id":7224,"href":"https:\/\/franciscok.com\/fr\/wp-json\/wp\/v2\/pages\/994\/revisions\/7224"}],"wp:attachment":[{"href":"https:\/\/franciscok.com\/fr\/wp-json\/wp\/v2\/media?parent=994"}],"curies":[{"name":"wp","href":"https:\/\/api.w.org\/{rel}","templated":true}]}}